{"id":680876,"date":"2023-08-09T21:16:15","date_gmt":"2023-08-09T19:16:15","guid":{"rendered":"https:\/\/natissea.com\/?post_type=product&#038;p=680876"},"modified":"2024-03-22T22:19:06","modified_gmt":"2024-03-22T21:19:06","slug":"kit-chale-banyuls-par-mar-gue-nee","status":"publish","type":"product","link":"https:\/\/natissea.com\/en\/boutique\/kit-chale-banyuls-par-mar-gue-nee\/","title":{"rendered":"Banyuls Shawl kit by @mar.gue.nee"},"content":{"rendered":"<p>Thread used:<\/p>\n<p>Lina\u00e9 95% French Linen 5% cotton<br \/>\nPerelle 100% hemp<\/p>\n<p>Material :<\/p>\n<p>3.5mm circular needles<br \/>\nAdjust the needle size to get the correct gauge<\/p>\n<p>Sample :<\/p>\n<p>With 3.5mm needles, 22 stitches and 36 rows = 10cm in garter stitch, washed and blocked<\/p>","protected":false},"excerpt":{"rendered":"<p>Banyuls is an asymmetrical triangular shawl that is knitted starting at the tip. It features alternating sections of lace and stitch.<\/p>\n<p>moss for a very summery striped effect. The shawl can be knitted with a minimum of 3 skeins for a length of 130cm but can be easily enlarged by repeating section 4 once more. You will then need 5 skeins for this version.<\/p>\n<p><img decoding=\"async\" class=\"wp-image-684576 size-large\" src=\"https:\/\/natissea.com\/wp-content\/uploads\/2023\/08\/banyuls-1-1024x441.png\" alt=\"kit ch\u00e2le banyuls par @mar.gue.nee\" width=\"1024\" height=\"441\" srcset=\"https:\/\/natissea.com\/wp-content\/uploads\/2023\/08\/banyuls-1-1024x441.png 1024w, https:\/\/natissea.com\/wp-content\/uploads\/2023\/08\/banyuls-1-300x129.png 300w, https:\/\/natissea.com\/wp-content\/uploads\/2023\/08\/banyuls-1-768x331.png 768w, https:\/\/natissea.com\/wp-content\/uploads\/2023\/08\/banyuls-1-18x8.png 18w, https:\/\/natissea.com\/wp-content\/uploads\/2023\/08\/banyuls-1-600x258.png 600w, https:\/\/natissea.com\/wp-content\/uploads\/2023\/08\/banyuls-1.png 1064w\" sizes=\"(max-width: 1024px) 100vw, 1024px\" \/><\/p>","protected":false},"featured_media":680982,"template":"","meta":{"_seopress_robots_primary_cat":"none","_seopress_titles_title":"","_seopress_titles_desc":"","_seopress_robots_index":"","_uag_custom_page_level_css":"","site-sidebar-layout":"default","site-content-layout":"default","ast-site-content-layout":"default","site-content-style":"default","site-sidebar-style":"default","ast-global-header-display":"","ast-banner-title-visibility":"","ast-main-header-display":"","ast-hfb-above-header-display":"","ast-hfb-below-header-display":"","ast-hfb-mobile-header-display":"","site-post-title":"","ast-breadcrumbs-content":"","ast-featured-img":"","footer-sml-layout":"","ast-disable-related-posts":"","theme-transparent-header-meta":"default","adv-header-id-meta":"","stick-header-meta":"default","header-above-stick-meta":"","header-main-stick-meta":"","header-below-stick-meta":"","astra-migrate-meta-layouts":"set","ast-page-background-enabled":"default","ast-page-background-meta":{"desktop":{"background-color":"var(--ast-global-color-4)","background-image":"","background-repeat":"repeat","background-position":"center center","background-size":"auto","background-attachment":"scroll","background-type":"","background-media":"","overlay-type":"","overlay-color":"","overlay-opacity":"","overlay-gradient":""},"tablet":{"background-color":"","background-image":"","background-repeat":"repeat","background-position":"center center","background-size":"auto","background-attachment":"scroll","background-type":"","background-media":"","overlay-type":"","overlay-color":"","overlay-opacity":"","overlay-gradient":""},"mobile":{"background-color":"","background-image":"","background-repeat":"repeat","background-position":"center center","background-size":"auto","background-attachment":"scroll","background-type":"","background-media":"","overlay-type":"","overlay-color":"","overlay-opacity":"","overlay-gradient":""}},"ast-content-background-meta":{"desktop":{"background-color":"var(--ast-global-color-5)","background-image":"","background-repeat":"repeat","background-position":"center center","background-size":"auto","background-attachment":"scroll","background-type":"","background-media":"","overlay-type":"","overlay-color":"","overlay-opacity":"","overlay-gradient":""},"tablet":{"background-color":"var(--ast-global-color-5)","background-image":"","background-repeat":"repeat","background-position":"center center","background-size":"auto","background-attachment":"scroll","background-type":"","background-media":"","overlay-type":"","overlay-color":"","overlay-opacity":"","overlay-gradient":""},"mobile":{"background-color":"var(--ast-global-color-5)","background-image":"","background-repeat":"repeat","background-position":"center center","background-size":"auto","background-attachment":"scroll","background-type":"","background-media":"","overlay-type":"","overlay-color":"","overlay-opacity":"","overlay-gradient":""}}},"product_brand":[],"product_cat":[69],"product_tag":[],"class_list":{"0":"post-680876","1":"product","2":"type-product","3":"status-publish","4":"has-post-thumbnail","6":"product_cat-kits","7":"desktop-align-center","8":"tablet-align-left","9":"mobile-align-left","11":"first","12":"instock","13":"downloadable","14":"taxable","15":"shipping-taxable","16":"purchasable","17":"product-type-composite"},"uagb_featured_image_src":{"full":["https:\/\/natissea.com\/wp-content\/uploads\/2023\/08\/kit-chale-banyuls-par-@mar.gue_.nee-001.jpeg",1536,2048,false],"thumbnail":["https:\/\/natissea.com\/wp-content\/uploads\/2023\/08\/kit-chale-banyuls-par-@mar.gue_.nee-001-150x150.jpeg",150,150,true],"medium":["https:\/\/natissea.com\/wp-content\/uploads\/2023\/08\/kit-chale-banyuls-par-@mar.gue_.nee-001-225x300.jpeg",225,300,true],"medium_large":["https:\/\/natissea.com\/wp-content\/uploads\/2023\/08\/kit-chale-banyuls-par-@mar.gue_.nee-001-768x1024.jpeg",768,1024,true],"large":["https:\/\/natissea.com\/wp-content\/uploads\/2023\/08\/kit-chale-banyuls-par-@mar.gue_.nee-001-768x1024.jpeg",768,1024,true],"1536x1536":["https:\/\/natissea.com\/wp-content\/uploads\/2023\/08\/kit-chale-banyuls-par-@mar.gue_.nee-001-1152x1536.jpeg",1152,1536,true],"2048x2048":["https:\/\/natissea.com\/wp-content\/uploads\/2023\/08\/kit-chale-banyuls-par-@mar.gue_.nee-001.jpeg",1536,2048,false],"trp-custom-language-flag":["https:\/\/natissea.com\/wp-content\/uploads\/2023\/08\/kit-chale-banyuls-par-@mar.gue_.nee-001-9x12.jpeg",9,12,true],"mailpoet_newsletter_max":["https:\/\/natissea.com\/wp-content\/uploads\/2023\/08\/kit-chale-banyuls-par-@mar.gue_.nee-001-1320x1760.jpeg",1320,1760,true],"woocommerce_thumbnail":["https:\/\/natissea.com\/wp-content\/uploads\/2023\/08\/kit-chale-banyuls-par-@mar.gue_.nee-001-300x300.jpeg",300,300,true],"woocommerce_single":["https:\/\/natissea.com\/wp-content\/uploads\/2023\/08\/kit-chale-banyuls-par-@mar.gue_.nee-001-600x800.jpeg",600,800,true],"woocommerce_gallery_thumbnail":["https:\/\/natissea.com\/wp-content\/uploads\/2023\/08\/kit-chale-banyuls-par-@mar.gue_.nee-001-100x100.jpeg",100,100,true]},"uagb_author_info":{"display_name":"nghtmre","author_link":"https:\/\/natissea.com\/en"},"uagb_comment_info":0,"uagb_excerpt":"Banyuls est un ch\u00e2le triangulaire asym\u00e9trique qui se tricote en commen\u00e7ant par la pointe. Il pr\u00e9sente une alternance de sections en dentelle et en point mousse pour un petit effet ray\u00e9 tr\u00e8s estival. Le ch\u00e2le peut se tricoter avec minimum 3 \u00e9cheveaux pour une longueur de 130cm mais s\u2019agrandit ais\u00e9ment en r\u00e9p\u00e9tant la section 4&hellip;","jetpack_sharing_enabled":true,"_links":{"self":[{"href":"https:\/\/natissea.com\/en\/wp-json\/wp\/v2\/product\/680876","targetHints":{"allow":["GET"]}}],"collection":[{"href":"https:\/\/natissea.com\/en\/wp-json\/wp\/v2\/product"}],"about":[{"href":"https:\/\/natissea.com\/en\/wp-json\/wp\/v2\/types\/product"}],"wp:featuredmedia":[{"embeddable":true,"href":"https:\/\/natissea.com\/en\/wp-json\/wp\/v2\/media\/680982"}],"wp:attachment":[{"href":"https:\/\/natissea.com\/en\/wp-json\/wp\/v2\/media?parent=680876"}],"wp:term":[{"taxonomy":"product_brand","embeddable":true,"href":"https:\/\/natissea.com\/en\/wp-json\/wp\/v2\/product_brand?post=680876"},{"taxonomy":"product_cat","embeddable":true,"href":"https:\/\/natissea.com\/en\/wp-json\/wp\/v2\/product_cat?post=680876"},{"taxonomy":"product_tag","embeddable":true,"href":"https:\/\/natissea.com\/en\/wp-json\/wp\/v2\/product_tag?post=680876"}],"curies":[{"name":"wp","href":"https:\/\/api.w.org\/{rel}","templated":true}]}}