{"id":708162,"date":"2023-08-16T21:03:16","date_gmt":"2023-08-16T19:03:16","guid":{"rendered":"https:\/\/natissea.com\/?post_type=product&#038;p=708162"},"modified":"2024-02-23T16:14:47","modified_gmt":"2024-02-23T15:14:47","slug":"kit-lildaisy-par-lilyandstitch_knit","status":"publish","type":"product","link":"https:\/\/natissea.com\/en\/boutique\/kit-lildaisy-par-lilyandstitch_knit\/","title":{"rendered":"Lil&#039;Daisy kit by @lilyandstitch_knit"},"content":{"rendered":"<p>Thread used:<br \/>\nLina\u00e9 95% French Linen 5% cotton<br \/>\nPerelle 100% hemp<\/p>\n<p>Material :<br \/>\n3mm circular needles<br \/>\nAdjust the needle size to get the correct gauge<\/p>\n<p>Sample :<br \/>\nWith 3mm needles, 24 stitches and 32 rows = 10cm in stockinette stitch, washed and blocked<\/p>","protected":false},"excerpt":{"rendered":"<p>Lil&#039;Daisy is a delicate and original T-shirt available in short or long sleeves. It features two rows of ruffles on the neckline, as well as subtle openwork details on the increases, sides, and edges. This top is knitted from the top down in the circular, with a raglan construction. No seams are necessary, even for the ruffles! To bring this design to life, the Lina\u00e9 yarns (Lina\u00e9 peach version in the photo) and Pernelle (Pernelle caramel version) are perfectly suited. The recommended positive ease is 0 to 5 cm at the bust. The measurements in the table below correspond to the finished project.<\/p>\n<p>&nbsp;<\/p>\n<p><img decoding=\"async\" class=\"wp-image-1300038 size-full\" src=\"https:\/\/natissea.com\/wp-content\/uploads\/2023\/08\/tableau-lil-daisy.png\" alt=\"kit lil'daisy par @lilyandstitch knit\" width=\"1284\" height=\"1290\" srcset=\"https:\/\/natissea.com\/wp-content\/uploads\/2023\/08\/tableau-lil-daisy.png 1284w, https:\/\/natissea.com\/wp-content\/uploads\/2023\/08\/tableau-lil-daisy-300x300.png 300w, https:\/\/natissea.com\/wp-content\/uploads\/2023\/08\/tableau-lil-daisy-1019x1024.png 1019w, https:\/\/natissea.com\/wp-content\/uploads\/2023\/08\/tableau-lil-daisy-150x150.png 150w, https:\/\/natissea.com\/wp-content\/uploads\/2023\/08\/tableau-lil-daisy-768x772.png 768w, https:\/\/natissea.com\/wp-content\/uploads\/2023\/08\/tableau-lil-daisy-12x12.png 12w, https:\/\/natissea.com\/wp-content\/uploads\/2023\/08\/tableau-lil-daisy-600x603.png 600w, https:\/\/natissea.com\/wp-content\/uploads\/2023\/08\/tableau-lil-daisy-100x100.png 100w\" sizes=\"(max-width: 1284px) 100vw, 1284px\" \/><\/p>","protected":false},"featured_media":1300097,"template":"","meta":{"_seopress_robots_primary_cat":"none","_seopress_titles_title":"kit Lil&#039;Daisy par @lilyandstitch_knit %%sep%% %%sitetitle%%","_seopress_titles_desc":"Lil&#039;Daisy est un t-shirt d\u00e9licat et original. Il pr\u00e9sente deux rang\u00e9es de volants sur le col, ainsi que de subtils d\u00e9tails ajour\u00e9s sur les augmentations,","_seopress_robots_index":"","_uag_custom_page_level_css":"","site-sidebar-layout":"default","site-content-layout":"","ast-site-content-layout":"default","site-content-style":"default","site-sidebar-style":"default","ast-global-header-display":"","ast-banner-title-visibility":"","ast-main-header-display":"","ast-hfb-above-header-display":"","ast-hfb-below-header-display":"","ast-hfb-mobile-header-display":"","site-post-title":"","ast-breadcrumbs-content":"","ast-featured-img":"","footer-sml-layout":"","ast-disable-related-posts":"","theme-transparent-header-meta":"default","adv-header-id-meta":"","stick-header-meta":"default","header-above-stick-meta":"","header-main-stick-meta":"","header-below-stick-meta":"","astra-migrate-meta-layouts":"set","ast-page-background-enabled":"default","ast-page-background-meta":{"desktop":{"background-color":"var(--ast-global-color-4)","background-image":"","background-repeat":"repeat","background-position":"center center","background-size":"auto","background-attachment":"scroll","background-type":"","background-media":"","overlay-type":"","overlay-color":"","overlay-opacity":"","overlay-gradient":""},"tablet":{"background-color":"","background-image":"","background-repeat":"repeat","background-position":"center center","background-size":"auto","background-attachment":"scroll","background-type":"","background-media":"","overlay-type":"","overlay-color":"","overlay-opacity":"","overlay-gradient":""},"mobile":{"background-color":"","background-image":"","background-repeat":"repeat","background-position":"center center","background-size":"auto","background-attachment":"scroll","background-type":"","background-media":"","overlay-type":"","overlay-color":"","overlay-opacity":"","overlay-gradient":""}},"ast-content-background-meta":{"desktop":{"background-color":"var(--ast-global-color-5)","background-image":"","background-repeat":"repeat","background-position":"center center","background-size":"auto","background-attachment":"scroll","background-type":"","background-media":"","overlay-type":"","overlay-color":"","overlay-opacity":"","overlay-gradient":""},"tablet":{"background-color":"var(--ast-global-color-5)","background-image":"","background-repeat":"repeat","background-position":"center center","background-size":"auto","background-attachment":"scroll","background-type":"","background-media":"","overlay-type":"","overlay-color":"","overlay-opacity":"","overlay-gradient":""},"mobile":{"background-color":"var(--ast-global-color-5)","background-image":"","background-repeat":"repeat","background-position":"center center","background-size":"auto","background-attachment":"scroll","background-type":"","background-media":"","overlay-type":"","overlay-color":"","overlay-opacity":"","overlay-gradient":""}}},"product_brand":[],"product_cat":[69],"product_tag":[],"class_list":{"0":"post-708162","1":"product","2":"type-product","3":"status-publish","4":"has-post-thumbnail","6":"product_cat-kits","7":"desktop-align-center","8":"tablet-align-left","9":"mobile-align-left","11":"first","12":"instock","13":"downloadable","14":"taxable","15":"shipping-taxable","16":"purchasable","17":"product-type-composite"},"uagb_featured_image_src":{"full":["https:\/\/natissea.com\/wp-content\/uploads\/2023\/08\/photo-kit-lildaisy-1-scaled.jpeg",1920,2560,false],"thumbnail":["https:\/\/natissea.com\/wp-content\/uploads\/2023\/08\/photo-kit-lildaisy-1-150x150.jpeg",150,150,true],"medium":["https:\/\/natissea.com\/wp-content\/uploads\/2023\/08\/photo-kit-lildaisy-1-225x300.jpeg",225,300,true],"medium_large":["https:\/\/natissea.com\/wp-content\/uploads\/2023\/08\/photo-kit-lildaisy-1-768x1024.jpeg",768,1024,true],"large":["https:\/\/natissea.com\/wp-content\/uploads\/2023\/08\/photo-kit-lildaisy-1-768x1024.jpeg",768,1024,true],"1536x1536":["https:\/\/natissea.com\/wp-content\/uploads\/2023\/08\/photo-kit-lildaisy-1-1152x1536.jpeg",1152,1536,true],"2048x2048":["https:\/\/natissea.com\/wp-content\/uploads\/2023\/08\/photo-kit-lildaisy-1-1536x2048.jpeg",1536,2048,true],"trp-custom-language-flag":["https:\/\/natissea.com\/wp-content\/uploads\/2023\/08\/photo-kit-lildaisy-1-9x12.jpeg",9,12,true],"mailpoet_newsletter_max":["https:\/\/natissea.com\/wp-content\/uploads\/2023\/08\/photo-kit-lildaisy-1-1320x1760.jpeg",1320,1760,true],"woocommerce_thumbnail":["https:\/\/natissea.com\/wp-content\/uploads\/2023\/08\/photo-kit-lildaisy-1-300x300.jpeg",300,300,true],"woocommerce_single":["https:\/\/natissea.com\/wp-content\/uploads\/2023\/08\/photo-kit-lildaisy-1-600x800.jpeg",600,800,true],"woocommerce_gallery_thumbnail":["https:\/\/natissea.com\/wp-content\/uploads\/2023\/08\/photo-kit-lildaisy-1-100x100.jpeg",100,100,true]},"uagb_author_info":{"display_name":"nghtmre","author_link":"https:\/\/natissea.com\/en"},"uagb_comment_info":0,"uagb_excerpt":"Lil'Daisy est un T-Shirt d\u00e9licat et original disponible en version manches courtes ou longues. Il pr\u00e9sente deux rang\u00e9es de volants sur le col, ainsi que de subtils d\u00e9tails ajour\u00e9s sur les augmentations, les c\u00f4t\u00e9s et les bords. Ce haut est tricot\u00e9 de haut en bas en circulaire, avec une construction raglan. Aucune couture n'est n\u00e9cessaire,&hellip;","jetpack_sharing_enabled":true,"_links":{"self":[{"href":"https:\/\/natissea.com\/en\/wp-json\/wp\/v2\/product\/708162","targetHints":{"allow":["GET"]}}],"collection":[{"href":"https:\/\/natissea.com\/en\/wp-json\/wp\/v2\/product"}],"about":[{"href":"https:\/\/natissea.com\/en\/wp-json\/wp\/v2\/types\/product"}],"wp:featuredmedia":[{"embeddable":true,"href":"https:\/\/natissea.com\/en\/wp-json\/wp\/v2\/media\/1300097"}],"wp:attachment":[{"href":"https:\/\/natissea.com\/en\/wp-json\/wp\/v2\/media?parent=708162"}],"wp:term":[{"taxonomy":"product_brand","embeddable":true,"href":"https:\/\/natissea.com\/en\/wp-json\/wp\/v2\/product_brand?post=708162"},{"taxonomy":"product_cat","embeddable":true,"href":"https:\/\/natissea.com\/en\/wp-json\/wp\/v2\/product_cat?post=708162"},{"taxonomy":"product_tag","embeddable":true,"href":"https:\/\/natissea.com\/en\/wp-json\/wp\/v2\/product_tag?post=708162"}],"curies":[{"name":"wp","href":"https:\/\/api.w.org\/{rel}","templated":true}]}}