{"id":730756,"date":"2023-08-23T23:13:42","date_gmt":"2023-08-23T21:13:42","guid":{"rendered":"https:\/\/natissea.com\/?post_type=product&#038;p=730756"},"modified":"2024-03-22T15:13:43","modified_gmt":"2024-03-22T14:13:43","slug":"kit-cardigan-carentec-par-mar-gue-nee","status":"publish","type":"product","link":"https:\/\/natissea.com\/en\/boutique\/kit-cardigan-carentec-par-mar-gue-nee\/","title":{"rendered":"Carantec Cardigan Kit by @mar.gue.nee"},"content":{"rendered":"<p>The models in the photos are in Malva ecru and caf\u00e9 latte quality, with the \u00be puff sleeve option. The recommended positive ease is 10cm at the bust. The measurements in the table below correspond to the finished project.<\/p>\n<p>Thread used:<\/p>\n<p>Malva 100% organic cotton<br \/>\nDamya 55% hemp 45% organic cotton<\/p>\n<p>Material :<\/p>\n<p>3.5mm or 4mm circular needles<br \/>\nAdjust the needle size to get the correct gauge<\/p>\n<p>&nbsp;<\/p>\n<p>Sample :<\/p>\n<p>With 3.5mm needles, 20 stitches and 28 rows = 10cm in stockinette stitch, washed and blocked<\/p>","protected":false},"excerpt":{"rendered":"<p>The pretty Carantec cardigan is a short model with an elegant openwork pattern. It is knitted with Malva 100% organic cotton yarn and is also suitable for Damya 55% hemp 45% organic cotton yarn. Knitted from top to bottom in a raglan construction, the stitches are then picked up to create the neckband. Two sleeve options are available, \u00be length puffed or fitted sleeves, and you can customize the number of buttons!<\/p>\n<p><img decoding=\"async\" class=\"wp-image-730982 size-large\" src=\"https:\/\/natissea.com\/wp-content\/uploads\/2023\/08\/carantec-727x1024.png\" alt=\"kit cardigan carentec par @mar.gue.nee\" width=\"727\" height=\"1024\" srcset=\"https:\/\/natissea.com\/wp-content\/uploads\/2023\/08\/carantec-727x1024.png 727w, https:\/\/natissea.com\/wp-content\/uploads\/2023\/08\/carantec-213x300.png 213w, https:\/\/natissea.com\/wp-content\/uploads\/2023\/08\/carantec-768x1082.png 768w, https:\/\/natissea.com\/wp-content\/uploads\/2023\/08\/carantec-9x12.png 9w, https:\/\/natissea.com\/wp-content\/uploads\/2023\/08\/carantec-600x845.png 600w, https:\/\/natissea.com\/wp-content\/uploads\/2023\/08\/carantec.png 906w\" sizes=\"(max-width: 727px) 100vw, 727px\" \/><\/p>\n<p>&nbsp;<\/p>","protected":false},"featured_media":730811,"template":"","meta":{"_seopress_robots_primary_cat":"none","_seopress_titles_title":"","_seopress_titles_desc":"","_seopress_robots_index":"","_uag_custom_page_level_css":"","site-sidebar-layout":"default","site-content-layout":"","ast-site-content-layout":"default","site-content-style":"default","site-sidebar-style":"default","ast-global-header-display":"","ast-banner-title-visibility":"","ast-main-header-display":"","ast-hfb-above-header-display":"","ast-hfb-below-header-display":"","ast-hfb-mobile-header-display":"","site-post-title":"","ast-breadcrumbs-content":"","ast-featured-img":"","footer-sml-layout":"","ast-disable-related-posts":"","theme-transparent-header-meta":"default","adv-header-id-meta":"","stick-header-meta":"default","header-above-stick-meta":"","header-main-stick-meta":"","header-below-stick-meta":"","astra-migrate-meta-layouts":"set","ast-page-background-enabled":"default","ast-page-background-meta":{"desktop":{"background-color":"var(--ast-global-color-4)","background-image":"","background-repeat":"repeat","background-position":"center center","background-size":"auto","background-attachment":"scroll","background-type":"","background-media":"","overlay-type":"","overlay-color":"","overlay-opacity":"","overlay-gradient":""},"tablet":{"background-color":"","background-image":"","background-repeat":"repeat","background-position":"center center","background-size":"auto","background-attachment":"scroll","background-type":"","background-media":"","overlay-type":"","overlay-color":"","overlay-opacity":"","overlay-gradient":""},"mobile":{"background-color":"","background-image":"","background-repeat":"repeat","background-position":"center center","background-size":"auto","background-attachment":"scroll","background-type":"","background-media":"","overlay-type":"","overlay-color":"","overlay-opacity":"","overlay-gradient":""}},"ast-content-background-meta":{"desktop":{"background-color":"var(--ast-global-color-5)","background-image":"","background-repeat":"repeat","background-position":"center center","background-size":"auto","background-attachment":"scroll","background-type":"","background-media":"","overlay-type":"","overlay-color":"","overlay-opacity":"","overlay-gradient":""},"tablet":{"background-color":"var(--ast-global-color-5)","background-image":"","background-repeat":"repeat","background-position":"center center","background-size":"auto","background-attachment":"scroll","background-type":"","background-media":"","overlay-type":"","overlay-color":"","overlay-opacity":"","overlay-gradient":""},"mobile":{"background-color":"var(--ast-global-color-5)","background-image":"","background-repeat":"repeat","background-position":"center center","background-size":"auto","background-attachment":"scroll","background-type":"","background-media":"","overlay-type":"","overlay-color":"","overlay-opacity":"","overlay-gradient":""}}},"product_brand":[],"product_cat":[69],"product_tag":[],"class_list":{"0":"post-730756","1":"product","2":"type-product","3":"status-publish","4":"has-post-thumbnail","6":"product_cat-kits","7":"desktop-align-center","8":"tablet-align-left","9":"mobile-align-left","11":"first","12":"instock","13":"downloadable","14":"taxable","15":"shipping-taxable","16":"purchasable","17":"product-type-composite"},"uagb_featured_image_src":{"full":["https:\/\/natissea.com\/wp-content\/uploads\/2023\/08\/image00002-scaled.jpeg",1920,2560,false],"thumbnail":["https:\/\/natissea.com\/wp-content\/uploads\/2023\/08\/image00002-150x150.jpeg",150,150,true],"medium":["https:\/\/natissea.com\/wp-content\/uploads\/2023\/08\/image00002-225x300.jpeg",225,300,true],"medium_large":["https:\/\/natissea.com\/wp-content\/uploads\/2023\/08\/image00002-768x1024.jpeg",768,1024,true],"large":["https:\/\/natissea.com\/wp-content\/uploads\/2023\/08\/image00002-768x1024.jpeg",768,1024,true],"1536x1536":["https:\/\/natissea.com\/wp-content\/uploads\/2023\/08\/image00002-1152x1536.jpeg",1152,1536,true],"2048x2048":["https:\/\/natissea.com\/wp-content\/uploads\/2023\/08\/image00002-1536x2048.jpeg",1536,2048,true],"trp-custom-language-flag":["https:\/\/natissea.com\/wp-content\/uploads\/2023\/08\/image00002-9x12.jpeg",9,12,true],"mailpoet_newsletter_max":["https:\/\/natissea.com\/wp-content\/uploads\/2023\/08\/image00002-1320x1760.jpeg",1320,1760,true],"woocommerce_thumbnail":["https:\/\/natissea.com\/wp-content\/uploads\/2023\/08\/image00002-300x300.jpeg",300,300,true],"woocommerce_single":["https:\/\/natissea.com\/wp-content\/uploads\/2023\/08\/image00002-600x800.jpeg",600,800,true],"woocommerce_gallery_thumbnail":["https:\/\/natissea.com\/wp-content\/uploads\/2023\/08\/image00002-100x100.jpeg",100,100,true]},"uagb_author_info":{"display_name":"nghtmre","author_link":"https:\/\/natissea.com\/en"},"uagb_comment_info":0,"uagb_excerpt":"Le joli cardigan Carantec est un mod\u00e8le court avec un \u00e9l\u00e9gant motif ajour\u00e9. Il se tricote avec le fil Malva 100% coton bio et convient aussi \u00e0 la qualit\u00e9 Damya 55% chanvre 45% coton bio. Tricot\u00e9 de haut en bas en construction raglan, on rel\u00e8ve ensuite les mailles pour confectionner la bande d\u2019encolure. Deux options&hellip;","jetpack_sharing_enabled":true,"_links":{"self":[{"href":"https:\/\/natissea.com\/en\/wp-json\/wp\/v2\/product\/730756","targetHints":{"allow":["GET"]}}],"collection":[{"href":"https:\/\/natissea.com\/en\/wp-json\/wp\/v2\/product"}],"about":[{"href":"https:\/\/natissea.com\/en\/wp-json\/wp\/v2\/types\/product"}],"wp:featuredmedia":[{"embeddable":true,"href":"https:\/\/natissea.com\/en\/wp-json\/wp\/v2\/media\/730811"}],"wp:attachment":[{"href":"https:\/\/natissea.com\/en\/wp-json\/wp\/v2\/media?parent=730756"}],"wp:term":[{"taxonomy":"product_brand","embeddable":true,"href":"https:\/\/natissea.com\/en\/wp-json\/wp\/v2\/product_brand?post=730756"},{"taxonomy":"product_cat","embeddable":true,"href":"https:\/\/natissea.com\/en\/wp-json\/wp\/v2\/product_cat?post=730756"},{"taxonomy":"product_tag","embeddable":true,"href":"https:\/\/natissea.com\/en\/wp-json\/wp\/v2\/product_tag?post=730756"}],"curies":[{"name":"wp","href":"https:\/\/api.w.org\/{rel}","templated":true}]}}