{"id":814711,"date":"2023-09-22T18:31:43","date_gmt":"2023-09-22T16:31:43","guid":{"rendered":"https:\/\/natissea.com\/?post_type=product&#038;p=814711"},"modified":"2024-03-22T22:20:41","modified_gmt":"2024-03-22T21:20:41","slug":"kit-mariniere-flot-de-encre_violette","status":"publish","type":"product","link":"https:\/\/natissea.com\/en\/boutique\/kit-mariniere-flot-de-encre_violette\/","title":{"rendered":"Flot Sailor Kit by @encre_violette"},"content":{"rendered":"<p>We start by knitting the 2 shoulder tabs in wide stripes, they are joined to continue on the back to the armholes in fine stripes. The back is left waiting to work the front from the shoulder tabs. Front and back are joined to work the body in vertical stripes using simply slipped stitches. The sleeves are knitted in continuity with the shoulder tabs in wide stripes.<\/p>\n<p>Thread used:<br \/>\nLina\u00e9 95% French linen 5% cotton<br \/>\nPerelle 100% hemp<\/p>\n<p>Material :<br \/>\n2.5mm and 3.5mm circular needles<br \/>\nAdjust the needle size to get the correct gauge<\/p>\n<p>Sample :<br \/>\nWith 3.5mm needles, 22 stitches and 28 rows = 10cm in stockinette stitch, washed and blocked<\/p>","protected":false},"excerpt":{"rendered":"<p>Flot is a pretty sailor shirt revisited by the talented Emma Ducher aka @encre_violette. This beautiful design plays with colors and stripes, thin, wide, or even vertical, to twist the classic sailor shirt.<br \/>\nThe Lina\u00e9 quality, made up of 95% French linen, is used because it is ideal for this type of small mid-season sweater (for hemp fans, Pernelle is also suitable).<br \/>\nThe models in the photos are in Lina\u00e9 aubergine C1\/latte C2 and peacock blue C1\/lagoon C2. The recommended positive ease is 10 to 15 cm at the bust. The measurements in the table below correspond to the finished project.<\/p>\n<p><img decoding=\"async\" class=\"wp-image-814906 size-full\" src=\"https:\/\/natissea.com\/wp-content\/uploads\/2023\/09\/flot.png\" alt=\"kit marini\u00e8re flot de @encre violette\" width=\"1014\" height=\"978\" srcset=\"https:\/\/natissea.com\/wp-content\/uploads\/2023\/09\/flot.png 1014w, https:\/\/natissea.com\/wp-content\/uploads\/2023\/09\/flot-300x289.png 300w, https:\/\/natissea.com\/wp-content\/uploads\/2023\/09\/flot-768x741.png 768w, https:\/\/natissea.com\/wp-content\/uploads\/2023\/09\/flot-12x12.png 12w, https:\/\/natissea.com\/wp-content\/uploads\/2023\/09\/flot-600x579.png 600w\" sizes=\"(max-width: 1014px) 100vw, 1014px\" \/><\/p>","protected":false},"featured_media":814749,"template":"","meta":{"_seopress_robots_primary_cat":"none","_seopress_titles_title":"Kit Marini\u00e8re Flot de @encre_violette - Natissea","_seopress_titles_desc":"Flot est une jolie marini\u00e8re revisit\u00e9e par la talentueuse Emma Ducher. Ce beau design joue avec les couleurs et les rayures, fines, larges","_seopress_robots_index":"","_uag_custom_page_level_css":"","site-sidebar-layout":"default","site-content-layout":"","ast-site-content-layout":"default","site-content-style":"default","site-sidebar-style":"default","ast-global-header-display":"","ast-banner-title-visibility":"","ast-main-header-display":"","ast-hfb-above-header-display":"","ast-hfb-below-header-display":"","ast-hfb-mobile-header-display":"","site-post-title":"","ast-breadcrumbs-content":"","ast-featured-img":"","footer-sml-layout":"","ast-disable-related-posts":"","theme-transparent-header-meta":"default","adv-header-id-meta":"","stick-header-meta":"default","header-above-stick-meta":"","header-main-stick-meta":"","header-below-stick-meta":"","astra-migrate-meta-layouts":"set","ast-page-background-enabled":"default","ast-page-background-meta":{"desktop":{"background-color":"var(--ast-global-color-4)","background-image":"","background-repeat":"repeat","background-position":"center center","background-size":"auto","background-attachment":"scroll","background-type":"","background-media":"","overlay-type":"","overlay-color":"","overlay-opacity":"","overlay-gradient":""},"tablet":{"background-color":"","background-image":"","background-repeat":"repeat","background-position":"center center","background-size":"auto","background-attachment":"scroll","background-type":"","background-media":"","overlay-type":"","overlay-color":"","overlay-opacity":"","overlay-gradient":""},"mobile":{"background-color":"","background-image":"","background-repeat":"repeat","background-position":"center center","background-size":"auto","background-attachment":"scroll","background-type":"","background-media":"","overlay-type":"","overlay-color":"","overlay-opacity":"","overlay-gradient":""}},"ast-content-background-meta":{"desktop":{"background-color":"var(--ast-global-color-5)","background-image":"","background-repeat":"repeat","background-position":"center center","background-size":"auto","background-attachment":"scroll","background-type":"","background-media":"","overlay-type":"","overlay-color":"","overlay-opacity":"","overlay-gradient":""},"tablet":{"background-color":"var(--ast-global-color-5)","background-image":"","background-repeat":"repeat","background-position":"center center","background-size":"auto","background-attachment":"scroll","background-type":"","background-media":"","overlay-type":"","overlay-color":"","overlay-opacity":"","overlay-gradient":""},"mobile":{"background-color":"var(--ast-global-color-5)","background-image":"","background-repeat":"repeat","background-position":"center center","background-size":"auto","background-attachment":"scroll","background-type":"","background-media":"","overlay-type":"","overlay-color":"","overlay-opacity":"","overlay-gradient":""}}},"product_brand":[],"product_cat":[69],"product_tag":[],"class_list":{"0":"post-814711","1":"product","2":"type-product","3":"status-publish","4":"has-post-thumbnail","6":"product_cat-kits","7":"desktop-align-center","8":"tablet-align-left","9":"mobile-align-left","11":"first","12":"instock","13":"downloadable","14":"taxable","15":"shipping-taxable","16":"purchasable","17":"product-type-composite"},"uagb_featured_image_src":{"full":["https:\/\/natissea.com\/wp-content\/uploads\/2023\/09\/com-photos-202309-collab-emmaducher-affiche-scaled.jpeg",1920,2560,false],"thumbnail":["https:\/\/natissea.com\/wp-content\/uploads\/2023\/09\/com-photos-202309-collab-emmaducher-affiche-150x150.jpeg",150,150,true],"medium":["https:\/\/natissea.com\/wp-content\/uploads\/2023\/09\/com-photos-202309-collab-emmaducher-affiche-225x300.jpeg",225,300,true],"medium_large":["https:\/\/natissea.com\/wp-content\/uploads\/2023\/09\/com-photos-202309-collab-emmaducher-affiche-768x1024.jpeg",768,1024,true],"large":["https:\/\/natissea.com\/wp-content\/uploads\/2023\/09\/com-photos-202309-collab-emmaducher-affiche-768x1024.jpeg",768,1024,true],"1536x1536":["https:\/\/natissea.com\/wp-content\/uploads\/2023\/09\/com-photos-202309-collab-emmaducher-affiche-1152x1536.jpeg",1152,1536,true],"2048x2048":["https:\/\/natissea.com\/wp-content\/uploads\/2023\/09\/com-photos-202309-collab-emmaducher-affiche-1536x2048.jpeg",1536,2048,true],"trp-custom-language-flag":["https:\/\/natissea.com\/wp-content\/uploads\/2023\/09\/com-photos-202309-collab-emmaducher-affiche-9x12.jpeg",9,12,true],"mailpoet_newsletter_max":["https:\/\/natissea.com\/wp-content\/uploads\/2023\/09\/com-photos-202309-collab-emmaducher-affiche-1320x1760.jpeg",1320,1760,true],"woocommerce_thumbnail":["https:\/\/natissea.com\/wp-content\/uploads\/2023\/09\/com-photos-202309-collab-emmaducher-affiche-300x300.jpeg",300,300,true],"woocommerce_single":["https:\/\/natissea.com\/wp-content\/uploads\/2023\/09\/com-photos-202309-collab-emmaducher-affiche-600x800.jpeg",600,800,true],"woocommerce_gallery_thumbnail":["https:\/\/natissea.com\/wp-content\/uploads\/2023\/09\/com-photos-202309-collab-emmaducher-affiche-100x100.jpeg",100,100,true]},"uagb_author_info":{"display_name":"nghtmre","author_link":"https:\/\/natissea.com\/en"},"uagb_comment_info":0,"uagb_excerpt":"Flot est une jolie marini\u00e8re revisit\u00e9e par la talentueuse Emma Ducher alias @encre_violette. Ce beau design joue avec les couleurs et les rayures, fines, larges ou encore verticales pour twister la marini\u00e8re classique. La qualit\u00e9 Lina\u00e9, compos\u00e9e \u00e0 95% de lin fran\u00e7ais est utilis\u00e9e car elle est id\u00e9ale pour ce genre de petit pull demi-saison,&hellip;","jetpack_sharing_enabled":true,"_links":{"self":[{"href":"https:\/\/natissea.com\/en\/wp-json\/wp\/v2\/product\/814711","targetHints":{"allow":["GET"]}}],"collection":[{"href":"https:\/\/natissea.com\/en\/wp-json\/wp\/v2\/product"}],"about":[{"href":"https:\/\/natissea.com\/en\/wp-json\/wp\/v2\/types\/product"}],"wp:featuredmedia":[{"embeddable":true,"href":"https:\/\/natissea.com\/en\/wp-json\/wp\/v2\/media\/814749"}],"wp:attachment":[{"href":"https:\/\/natissea.com\/en\/wp-json\/wp\/v2\/media?parent=814711"}],"wp:term":[{"taxonomy":"product_brand","embeddable":true,"href":"https:\/\/natissea.com\/en\/wp-json\/wp\/v2\/product_brand?post=814711"},{"taxonomy":"product_cat","embeddable":true,"href":"https:\/\/natissea.com\/en\/wp-json\/wp\/v2\/product_cat?post=814711"},{"taxonomy":"product_tag","embeddable":true,"href":"https:\/\/natissea.com\/en\/wp-json\/wp\/v2\/product_tag?post=814711"}],"curies":[{"name":"wp","href":"https:\/\/api.w.org\/{rel}","templated":true}]}}